{"id":54,"date":"2024-12-09T21:41:39","date_gmt":"2024-12-09T20:41:39","guid":{"rendered":"https:\/\/isinac.com\/?page_id=54"},"modified":"2025-02-20T11:57:14","modified_gmt":"2025-02-20T10:57:14","slug":"beldarrain-architects","status":"publish","type":"page","link":"https:\/\/isinac.com\/en\/beldarrain-architects\/","title":{"rendered":"Beldarrain ARQ"},"content":{"rendered":"\t\t<div data-elementor-type=\"wp-page\" data-elementor-id=\"54\" class=\"elementor elementor-54\" data-elementor-post-type=\"page\">\n\t\t\t\t<div class=\"elementor-element elementor-element-36bec52 e-flex e-con-boxed e-con e-parent\" data-id=\"36bec52\" data-element_type=\"container\" data-e-type=\"container\" data-settings=\"{&quot;jet_parallax_layout_list&quot;:[]}\">\n\t\t\t\t\t<div class=\"e-con-inner\">\n\t\t<div class=\"elementor-element elementor-element-0148b8f e-con-full e-flex e-con e-child\" data-id=\"0148b8f\" data-element_type=\"container\" data-e-type=\"container\" data-settings=\"{&quot;jet_parallax_layout_list&quot;:[]}\">\n\t\t\t\t<div class=\"elementor-element elementor-element-81e5956 elementor-widget elementor-widget-gallery\" data-id=\"81e5956\" data-element_type=\"widget\" data-e-type=\"widget\" data-settings=\"{&quot;gallery_layout&quot;:&quot;masonry&quot;,&quot;columns&quot;:1,&quot;columns_tablet&quot;:1,&quot;gap&quot;:{&quot;unit&quot;:&quot;px&quot;,&quot;size&quot;:0,&quot;sizes&quot;:[]},&quot;lazyload&quot;:&quot;yes&quot;,&quot;columns_mobile&quot;:1,&quot;gap_tablet&quot;:{&quot;unit&quot;:&quot;px&quot;,&quot;size&quot;:10,&quot;sizes&quot;:[]},&quot;gap_mobile&quot;:{&quot;unit&quot;:&quot;px&quot;,&quot;size&quot;:10,&quot;sizes&quot;:[]},&quot;content_hover_animation&quot;:&quot;fade-in&quot;}\" data-widget_type=\"gallery.default\">\n\t\t\t\t<div class=\"elementor-widget-container\">\n\t\t\t\t\t\t\t<div class=\"elementor-gallery__container\">\n\t\t\t\t\t\t\t<div class=\"e-gallery-item elementor-gallery-item elementor-animated-content\">\n\t\t\t\t\t<div class=\"e-gallery-image elementor-gallery-item__image\" data-thumbnail=\"https:\/\/isinac.com\/wp-content\/uploads\/2025\/01\/beldarrian-11x.jpg\" data-width=\"878\" data-height=\"584\" aria-label=\"Beldarrain Arquitectos\" role=\"img\" ><\/div>\n\t\t\t\t\t\t\t\t\t\t\t\t\t\t<\/div>\n\t\t\t\t\t\t\t<div class=\"e-gallery-item elementor-gallery-item elementor-animated-content\">\n\t\t\t\t\t<div class=\"e-gallery-image elementor-gallery-item__image\" data-thumbnail=\"https:\/\/isinac.com\/wp-content\/uploads\/2025\/01\/beldarrian-21x.jpg\" data-width=\"878\" data-height=\"584\" aria-label=\"Beldarrain Arquitectos\" role=\"img\" ><\/div>\n\t\t\t\t\t\t\t\t\t\t\t\t\t\t<\/div>\n\t\t\t\t\t\t\t<div class=\"e-gallery-item elementor-gallery-item elementor-animated-content\">\n\t\t\t\t\t<div class=\"e-gallery-image elementor-gallery-item__image\" data-thumbnail=\"https:\/\/isinac.com\/wp-content\/uploads\/2025\/01\/beldarrian-31x.jpg\" data-width=\"878\" data-height=\"584\" aria-label=\"Beldarrain Arquitectos\" role=\"img\" ><\/div>\n\t\t\t\t\t\t\t\t\t\t\t\t\t\t<\/div>\n\t\t\t\t\t\t\t<div class=\"e-gallery-item elementor-gallery-item elementor-animated-content\">\n\t\t\t\t\t<div class=\"e-gallery-image elementor-gallery-item__image\" data-thumbnail=\"https:\/\/isinac.com\/wp-content\/uploads\/2025\/01\/beldarrian-41x.jpg\" data-width=\"878\" data-height=\"584\" aria-label=\"Beldarrain Arquitectos\" role=\"img\" ><\/div>\n\t\t\t\t\t\t\t\t\t\t\t\t\t\t<\/div>\n\t\t\t\t\t\t\t<div class=\"e-gallery-item elementor-gallery-item elementor-animated-content\">\n\t\t\t\t\t<div class=\"e-gallery-image elementor-gallery-item__image\" data-thumbnail=\"https:\/\/isinac.com\/wp-content\/uploads\/2025\/01\/beldarrian-51x.jpg\" data-width=\"878\" data-height=\"584\" aria-label=\"Beldarrain Arquitectos\" role=\"img\" ><\/div>\n\t\t\t\t\t\t\t\t\t\t\t\t\t\t<\/div>\n\t\t\t\t\t<\/div>\n\t\t\t\t\t<\/div>\n\t\t\t\t<\/div>\n\t\t\t\t<\/div>\n\t\t<div class=\"elementor-element elementor-element-695759d e-con-full e-flex e-con e-child\" data-id=\"695759d\" data-element_type=\"container\" data-e-type=\"container\" data-settings=\"{&quot;jet_parallax_layout_list&quot;:[],&quot;sticky&quot;:&quot;top&quot;,&quot;sticky_on&quot;:[&quot;desktop&quot;],&quot;sticky_parent&quot;:&quot;yes&quot;,&quot;sticky_offset&quot;:0,&quot;sticky_effects_offset&quot;:0,&quot;sticky_anchor_link_offset&quot;:0}\">\n\t\t\t\t<div class=\"elementor-element elementor-element-192322b elementor-widget-divider--view-line elementor-widget elementor-widget-divider\" data-id=\"192322b\" data-element_type=\"widget\" data-e-type=\"widget\" data-widget_type=\"divider.default\">\n\t\t\t\t<div class=\"elementor-widget-container\">\n\t\t\t\t\t\t\t<div class=\"elementor-divider\">\n\t\t\t<span class=\"elementor-divider-separator\">\n\t\t\t\t\t\t<\/span>\n\t\t<\/div>\n\t\t\t\t\t\t<\/div>\n\t\t\t\t<\/div>\n\t\t\t\t<div class=\"elementor-element elementor-element-c780a1e elementor-widget elementor-widget-text-editor\" data-id=\"c780a1e\" data-element_type=\"widget\" data-e-type=\"widget\" data-widget_type=\"text-editor.default\">\n\t\t\t\t<div class=\"elementor-widget-container\">\n\t\t\t\t\t\t\t\t\t<p>El Estudio BELDARRAIN ha sido merecedor de distinciones como el Premio Nacional a la cultura arquitect\u00f3nica sostenible del Foro Civitas Nova 2007, Premio Porcelanosa a la sostenibilidad en 2014, Premio COAVN de Vivienda 2013, finalista en la XI Bienal Espa\u00f1ola de Arquitectura y Urbanismo, en los premios FAD, premios Saloni, premios Vivir con madera, premios AVS euskadi y premios COAVN de Interiorismo.<\/p>\n<p>Apoy\u00e1ndose en la experiencia adquirida por Juan Beldarrain, en los estudios de Joseph Paul Kleihues en Berl\u00edn y de Rafael Moneo en Madrid y San Sebasti\u00e1n, Estudio Beldarrain comienza su andadura en el a\u00f1o 1999.<\/p>\n<p>Desde entonces, han desarrollado sus trabajos entendiendo la arquitectura como una actividad de servicio, lo que les lleva a confiar permanentemente en la innovaci\u00f3n, no como una actitud meramente est\u00e9tica sino basada en conceptos ligados al an\u00e1lisis del programa, el usuario, el lugar, la econom\u00eda y la propia construcci\u00f3n.<\/p>\n<p>Por esta raz\u00f3n, el equipo del estudio est\u00e1 formado mayoritariamente por arquitectos y est\u00e1 organizado para afrontar grandes proyectos de arquitectura, urbanismo y dise\u00f1o. Su sistema de trabajo, coordinando equipos multidisciplinares les lleva a colaborar con asesores seleccionados expresamente para cada proyecto.<\/p>\t\t\t\t\t\t\t\t<\/div>\n\t\t\t\t<\/div>\n\t\t\t\t<div class=\"elementor-element elementor-element-6d05376 elementor-widget elementor-widget-heading\" data-id=\"6d05376\" data-element_type=\"widget\" data-e-type=\"widget\" data-widget_type=\"heading.default\">\n\t\t\t\t<div class=\"elementor-widget-container\">\n\t\t\t\t\t<p class=\"elementor-heading-title elementor-size-default\">\u00bfQuieres este dise\u00f1o para tu propuesta?<\/p>\t\t\t\t<\/div>\n\t\t\t\t<\/div>\n\t\t\t\t<div class=\"elementor-element elementor-element-c8953ac elementor-widget elementor-widget-button\" data-id=\"c8953ac\" data-element_type=\"widget\" data-e-type=\"widget\" data-widget_type=\"button.default\">\n\t\t\t\t<div class=\"elementor-widget-container\">\n\t\t\t\t\t\t\t\t\t<div class=\"elementor-button-wrapper\">\n\t\t\t\t\t<a class=\"elementor-button elementor-button-link elementor-size-sm\" href=\"#elementor-action%3Aaction%3Dpopup%3Aopen%26settings%3DeyJpZCI6IjE1NiIsInRvZ2dsZSI6ZmFsc2V9\">\n\t\t\t\t\t\t<span class=\"elementor-button-content-wrapper\">\n\t\t\t\t\t\t\t\t\t<span class=\"elementor-button-text\">Empecemos<\/span>\n\t\t\t\t\t<\/span>\n\t\t\t\t\t<\/a>\n\t\t\t\t<\/div>\n\t\t\t\t\t\t\t\t<\/div>\n\t\t\t\t<\/div>\n\t\t\t\t<div class=\"elementor-element elementor-element-66b5af7 elementor-widget-divider--view-line elementor-widget elementor-widget-divider\" data-id=\"66b5af7\" data-element_type=\"widget\" data-e-type=\"widget\" data-widget_type=\"divider.default\">\n\t\t\t\t<div class=\"elementor-widget-container\">\n\t\t\t\t\t\t\t<div class=\"elementor-divider\">\n\t\t\t<span class=\"elementor-divider-separator\">\n\t\t\t\t\t\t<\/span>\n\t\t<\/div>\n\t\t\t\t\t\t<\/div>\n\t\t\t\t<\/div>\n\t\t\t\t<div class=\"elementor-element elementor-element-d09a159 elementor-widget elementor-widget-image\" data-id=\"d09a159\" data-element_type=\"widget\" data-e-type=\"widget\" data-widget_type=\"image.default\">\n\t\t\t\t<div class=\"elementor-widget-container\">\n\t\t\t\t\t\t\t\t\t\t\t\t\t\t\t<img fetchpriority=\"high\" decoding=\"async\" width=\"768\" height=\"511\" src=\"https:\/\/isinac.com\/wp-content\/uploads\/2025\/01\/beldorrain-plano-768x511.jpg\" class=\"attachment-medium_large size-medium_large wp-image-307\" alt=\"Beldarrain Arquitectos\" srcset=\"https:\/\/isinac.com\/wp-content\/uploads\/2025\/01\/beldorrain-plano-768x511.jpg 768w, https:\/\/isinac.com\/wp-content\/uploads\/2025\/01\/beldorrain-plano-300x200.jpg 300w, https:\/\/isinac.com\/wp-content\/uploads\/2025\/01\/beldorrain-plano.jpg 878w\" sizes=\"(max-width: 768px) 100vw, 768px\" \/>\t\t\t\t\t\t\t\t\t\t\t\t\t\t\t<\/div>\n\t\t\t\t<\/div>\n\t\t\t\t<\/div>\n\t\t\t\t\t<\/div>\n\t\t\t\t<\/div>\n\t\t\t\t<\/div>\n\t\t","protected":false},"excerpt":{"rendered":"<p>El Estudio BELDARRAIN ha sido merecedor de distinciones como el Premio Nacional a la cultura arquitect\u00f3nica sostenible del Foro Civitas Nova 2007, Premio Porcelanosa a la sostenibilidad en 2014, Premio COAVN de Vivienda 2013, finalista en la XI Bienal Espa\u00f1ola de Arquitectura y Urbanismo, en los premios FAD, premios Saloni, premios Vivir con madera, premios [&hellip;]<\/p>\n","protected":false},"author":3,"featured_media":302,"parent":0,"menu_order":0,"comment_status":"closed","ping_status":"closed","template":"","meta":{"footnotes":""},"class_list":["post-54","page","type-page","status-publish","has-post-thumbnail","hentry"],"yoast_head":"<!-- This site is optimized with the Yoast SEO plugin v27.3 - https:\/\/yoast.com\/product\/yoast-seo-wordpress\/ -->\n<title>Beldarrain ARQ - ISINAC<\/title>\n<meta name=\"robots\" content=\"index, follow, max-snippet:-1, max-image-preview:large, max-video-preview:-1\" \/>\n<link rel=\"canonical\" href=\"https:\/\/isinac.com\/en\/beldarrain-architects\/\" \/>\n<meta property=\"og:locale\" content=\"en_GB\" \/>\n<meta property=\"og:type\" content=\"article\" \/>\n<meta property=\"og:title\" content=\"Beldarrain ARQ - ISINAC\" \/>\n<meta property=\"og:description\" content=\"El Estudio BELDARRAIN ha sido merecedor de distinciones como el Premio Nacional a la cultura arquitect\u00f3nica sostenible del Foro Civitas Nova 2007, Premio Porcelanosa a la sostenibilidad en 2014, Premio COAVN de Vivienda 2013, finalista en la XI Bienal Espa\u00f1ola de Arquitectura y Urbanismo, en los premios FAD, premios Saloni, premios Vivir con madera, premios [&hellip;]\" \/>\n<meta property=\"og:url\" content=\"https:\/\/isinac.com\/en\/beldarrain-architects\/\" \/>\n<meta property=\"og:site_name\" content=\"ISINAC\" \/>\n<meta property=\"article:publisher\" content=\"https:\/\/www.facebook.com\/isinac\" \/>\n<meta property=\"article:modified_time\" content=\"2025-02-20T10:57:14+00:00\" \/>\n<meta property=\"og:image\" content=\"https:\/\/isinac.com\/wp-content\/uploads\/2025\/01\/beldarrian-11x.jpg\" \/>\n\t<meta property=\"og:image:width\" content=\"878\" \/>\n\t<meta property=\"og:image:height\" content=\"584\" \/>\n\t<meta property=\"og:image:type\" content=\"image\/jpeg\" \/>\n<meta name=\"twitter:card\" content=\"summary_large_image\" \/>\n<meta name=\"twitter:label1\" content=\"Estimated reading time\" \/>\n\t<meta name=\"twitter:data1\" content=\"3 minutes\" \/>\n<script type=\"application\/ld+json\" class=\"yoast-schema-graph\">{\"@context\":\"https:\\\/\\\/schema.org\",\"@graph\":[{\"@type\":\"WebPage\",\"@id\":\"https:\\\/\\\/isinac.com\\\/beldarrain-arquitectos\\\/\",\"url\":\"https:\\\/\\\/isinac.com\\\/beldarrain-arquitectos\\\/\",\"name\":\"Beldarrain ARQ - ISINAC\",\"isPartOf\":{\"@id\":\"https:\\\/\\\/isinac.com\\\/#website\"},\"primaryImageOfPage\":{\"@id\":\"https:\\\/\\\/isinac.com\\\/beldarrain-arquitectos\\\/#primaryimage\"},\"image\":{\"@id\":\"https:\\\/\\\/isinac.com\\\/beldarrain-arquitectos\\\/#primaryimage\"},\"thumbnailUrl\":\"https:\\\/\\\/isinac.com\\\/wp-content\\\/uploads\\\/2025\\\/01\\\/beldarrian-11x.jpg\",\"datePublished\":\"2024-12-09T20:41:39+00:00\",\"dateModified\":\"2025-02-20T10:57:14+00:00\",\"breadcrumb\":{\"@id\":\"https:\\\/\\\/isinac.com\\\/beldarrain-arquitectos\\\/#breadcrumb\"},\"inLanguage\":\"en-GB\",\"potentialAction\":[{\"@type\":\"ReadAction\",\"target\":[\"https:\\\/\\\/isinac.com\\\/beldarrain-arquitectos\\\/\"]}]},{\"@type\":\"ImageObject\",\"inLanguage\":\"en-GB\",\"@id\":\"https:\\\/\\\/isinac.com\\\/beldarrain-arquitectos\\\/#primaryimage\",\"url\":\"https:\\\/\\\/isinac.com\\\/wp-content\\\/uploads\\\/2025\\\/01\\\/beldarrian-11x.jpg\",\"contentUrl\":\"https:\\\/\\\/isinac.com\\\/wp-content\\\/uploads\\\/2025\\\/01\\\/beldarrian-11x.jpg\",\"width\":878,\"height\":584,\"caption\":\"Beldarrain Arquitectos\"},{\"@type\":\"BreadcrumbList\",\"@id\":\"https:\\\/\\\/isinac.com\\\/beldarrain-arquitectos\\\/#breadcrumb\",\"itemListElement\":[{\"@type\":\"ListItem\",\"position\":1,\"name\":\"Inicio\",\"item\":\"https:\\\/\\\/isinac.com\\\/\"},{\"@type\":\"ListItem\",\"position\":2,\"name\":\"Beldarrain ARQ\"}]},{\"@type\":\"WebSite\",\"@id\":\"https:\\\/\\\/isinac.com\\\/#website\",\"url\":\"https:\\\/\\\/isinac.com\\\/\",\"name\":\"ISINAC\",\"description\":\"Somos fabricantes de paneles ac\u00fasticos\",\"publisher\":{\"@id\":\"https:\\\/\\\/isinac.com\\\/#organization\"},\"alternateName\":\"ISINAC\",\"potentialAction\":[{\"@type\":\"SearchAction\",\"target\":{\"@type\":\"EntryPoint\",\"urlTemplate\":\"https:\\\/\\\/isinac.com\\\/?s={search_term_string}\"},\"query-input\":{\"@type\":\"PropertyValueSpecification\",\"valueRequired\":true,\"valueName\":\"search_term_string\"}}],\"inLanguage\":\"en-GB\"},{\"@type\":\"Organization\",\"@id\":\"https:\\\/\\\/isinac.com\\\/#organization\",\"name\":\"ISINAC\",\"alternateName\":\"ISINAC\",\"url\":\"https:\\\/\\\/isinac.com\\\/\",\"logo\":{\"@type\":\"ImageObject\",\"inLanguage\":\"en-GB\",\"@id\":\"https:\\\/\\\/isinac.com\\\/#\\\/schema\\\/logo\\\/image\\\/\",\"url\":\"https:\\\/\\\/isinac.com\\\/wp-content\\\/uploads\\\/2024\\\/11\\\/ISINAC-POPPINS-WEB.png\",\"contentUrl\":\"https:\\\/\\\/isinac.com\\\/wp-content\\\/uploads\\\/2024\\\/11\\\/ISINAC-POPPINS-WEB.png\",\"width\":1200,\"height\":255,\"caption\":\"ISINAC\"},\"image\":{\"@id\":\"https:\\\/\\\/isinac.com\\\/#\\\/schema\\\/logo\\\/image\\\/\"},\"sameAs\":[\"https:\\\/\\\/www.facebook.com\\\/isinac\",\"https:\\\/\\\/www.linkedin.com\\\/company\\\/isinac\",\"https:\\\/\\\/es.pinterest.com\\\/isinac\\\/\",\"https:\\\/\\\/www.instagram.com\\\/i.s.i.n.a.c\\\/\",\"https:\\\/\\\/www.youtube.com\\\/c\\\/Isinacspain\"]}]}<\/script>\n<!-- \/ Yoast SEO plugin. -->","yoast_head_json":{"title":"Beldarrain ARQ - ISINAC","robots":{"index":"index","follow":"follow","max-snippet":"max-snippet:-1","max-image-preview":"max-image-preview:large","max-video-preview":"max-video-preview:-1"},"canonical":"https:\/\/isinac.com\/en\/beldarrain-architects\/","og_locale":"en_GB","og_type":"article","og_title":"Beldarrain ARQ - ISINAC","og_description":"El Estudio BELDARRAIN ha sido merecedor de distinciones como el Premio Nacional a la cultura arquitect\u00f3nica sostenible del Foro Civitas Nova 2007, Premio Porcelanosa a la sostenibilidad en 2014, Premio COAVN de Vivienda 2013, finalista en la XI Bienal Espa\u00f1ola de Arquitectura y Urbanismo, en los premios FAD, premios Saloni, premios Vivir con madera, premios [&hellip;]","og_url":"https:\/\/isinac.com\/en\/beldarrain-architects\/","og_site_name":"ISINAC","article_publisher":"https:\/\/www.facebook.com\/isinac","article_modified_time":"2025-02-20T10:57:14+00:00","og_image":[{"width":878,"height":584,"url":"https:\/\/isinac.com\/wp-content\/uploads\/2025\/01\/beldarrian-11x.jpg","type":"image\/jpeg"}],"twitter_card":"summary_large_image","twitter_misc":{"Estimated reading time":"3 minutes"},"schema":{"@context":"https:\/\/schema.org","@graph":[{"@type":"WebPage","@id":"https:\/\/isinac.com\/beldarrain-arquitectos\/","url":"https:\/\/isinac.com\/beldarrain-arquitectos\/","name":"Beldarrain ARQ - ISINAC","isPartOf":{"@id":"https:\/\/isinac.com\/#website"},"primaryImageOfPage":{"@id":"https:\/\/isinac.com\/beldarrain-arquitectos\/#primaryimage"},"image":{"@id":"https:\/\/isinac.com\/beldarrain-arquitectos\/#primaryimage"},"thumbnailUrl":"https:\/\/isinac.com\/wp-content\/uploads\/2025\/01\/beldarrian-11x.jpg","datePublished":"2024-12-09T20:41:39+00:00","dateModified":"2025-02-20T10:57:14+00:00","breadcrumb":{"@id":"https:\/\/isinac.com\/beldarrain-arquitectos\/#breadcrumb"},"inLanguage":"en-GB","potentialAction":[{"@type":"ReadAction","target":["https:\/\/isinac.com\/beldarrain-arquitectos\/"]}]},{"@type":"ImageObject","inLanguage":"en-GB","@id":"https:\/\/isinac.com\/beldarrain-arquitectos\/#primaryimage","url":"https:\/\/isinac.com\/wp-content\/uploads\/2025\/01\/beldarrian-11x.jpg","contentUrl":"https:\/\/isinac.com\/wp-content\/uploads\/2025\/01\/beldarrian-11x.jpg","width":878,"height":584,"caption":"Beldarrain Arquitectos"},{"@type":"BreadcrumbList","@id":"https:\/\/isinac.com\/beldarrain-arquitectos\/#breadcrumb","itemListElement":[{"@type":"ListItem","position":1,"name":"Inicio","item":"https:\/\/isinac.com\/"},{"@type":"ListItem","position":2,"name":"Beldarrain ARQ"}]},{"@type":"WebSite","@id":"https:\/\/isinac.com\/#website","url":"https:\/\/isinac.com\/","name":"ISINAC","description":"We are manufacturers of acoustic panels","publisher":{"@id":"https:\/\/isinac.com\/#organization"},"alternateName":"ISINAC","potentialAction":[{"@type":"SearchAction","target":{"@type":"EntryPoint","urlTemplate":"https:\/\/isinac.com\/?s={search_term_string}"},"query-input":{"@type":"PropertyValueSpecification","valueRequired":true,"valueName":"search_term_string"}}],"inLanguage":"en-GB"},{"@type":"Organization","@id":"https:\/\/isinac.com\/#organization","name":"ISINAC","alternateName":"ISINAC","url":"https:\/\/isinac.com\/","logo":{"@type":"ImageObject","inLanguage":"en-GB","@id":"https:\/\/isinac.com\/#\/schema\/logo\/image\/","url":"https:\/\/isinac.com\/wp-content\/uploads\/2024\/11\/ISINAC-POPPINS-WEB.png","contentUrl":"https:\/\/isinac.com\/wp-content\/uploads\/2024\/11\/ISINAC-POPPINS-WEB.png","width":1200,"height":255,"caption":"ISINAC"},"image":{"@id":"https:\/\/isinac.com\/#\/schema\/logo\/image\/"},"sameAs":["https:\/\/www.facebook.com\/isinac","https:\/\/www.linkedin.com\/company\/isinac","https:\/\/es.pinterest.com\/isinac\/","https:\/\/www.instagram.com\/i.s.i.n.a.c\/","https:\/\/www.youtube.com\/c\/Isinacspain"]}]}},"jetpack_shortlink":"https:\/\/wp.me\/PgrG6m-S","_links":{"self":[{"href":"https:\/\/isinac.com\/en\/wp-json\/wp\/v2\/pages\/54","targetHints":{"allow":["GET"]}}],"collection":[{"href":"https:\/\/isinac.com\/en\/wp-json\/wp\/v2\/pages"}],"about":[{"href":"https:\/\/isinac.com\/en\/wp-json\/wp\/v2\/types\/page"}],"author":[{"embeddable":true,"href":"https:\/\/isinac.com\/en\/wp-json\/wp\/v2\/users\/3"}],"replies":[{"embeddable":true,"href":"https:\/\/isinac.com\/en\/wp-json\/wp\/v2\/comments?post=54"}],"version-history":[{"count":23,"href":"https:\/\/isinac.com\/en\/wp-json\/wp\/v2\/pages\/54\/revisions"}],"predecessor-version":[{"id":1610,"href":"https:\/\/isinac.com\/en\/wp-json\/wp\/v2\/pages\/54\/revisions\/1610"}],"wp:featuredmedia":[{"embeddable":true,"href":"https:\/\/isinac.com\/en\/wp-json\/wp\/v2\/media\/302"}],"wp:attachment":[{"href":"https:\/\/isinac.com\/en\/wp-json\/wp\/v2\/media?parent=54"}],"curies":[{"name":"wp","href":"https:\/\/api.w.org\/{rel}","templated":true}]}}