{"id":56,"date":"2024-12-09T21:41:55","date_gmt":"2024-12-09T20:41:55","guid":{"rendered":"https:\/\/isinac.com\/?page_id=56"},"modified":"2025-02-20T11:51:31","modified_gmt":"2025-02-20T10:51:31","slug":"implements-architecture","status":"publish","type":"page","link":"https:\/\/isinac.com\/en\/implements-architecture\/","title":{"rendered":"Implanta ARQ"},"content":{"rendered":"\t\t<div data-elementor-type=\"wp-page\" data-elementor-id=\"56\" class=\"elementor elementor-56\" data-elementor-post-type=\"page\">\n\t\t\t\t<div class=\"elementor-element elementor-element-64d211c e-flex e-con-boxed e-con e-parent\" data-id=\"64d211c\" data-element_type=\"container\" data-e-type=\"container\" data-settings=\"{&quot;jet_parallax_layout_list&quot;:[]}\">\n\t\t\t\t\t<div class=\"e-con-inner\">\n\t\t<div class=\"elementor-element elementor-element-00e918b e-con-full e-flex e-con e-child\" data-id=\"00e918b\" data-element_type=\"container\" data-e-type=\"container\" data-settings=\"{&quot;jet_parallax_layout_list&quot;:[]}\">\n\t\t\t\t<div class=\"elementor-element elementor-element-20faca8 elementor-widget elementor-widget-gallery\" data-id=\"20faca8\" data-element_type=\"widget\" data-e-type=\"widget\" data-settings=\"{&quot;gallery_layout&quot;:&quot;masonry&quot;,&quot;columns&quot;:1,&quot;columns_tablet&quot;:1,&quot;gap&quot;:{&quot;unit&quot;:&quot;px&quot;,&quot;size&quot;:0,&quot;sizes&quot;:[]},&quot;lazyload&quot;:&quot;yes&quot;,&quot;columns_mobile&quot;:1,&quot;gap_tablet&quot;:{&quot;unit&quot;:&quot;px&quot;,&quot;size&quot;:10,&quot;sizes&quot;:[]},&quot;gap_mobile&quot;:{&quot;unit&quot;:&quot;px&quot;,&quot;size&quot;:10,&quot;sizes&quot;:[]},&quot;content_hover_animation&quot;:&quot;fade-in&quot;}\" data-widget_type=\"gallery.default\">\n\t\t\t\t<div class=\"elementor-widget-container\">\n\t\t\t\t\t\t\t<div class=\"elementor-gallery__container\">\n\t\t\t\t\t\t\t<div class=\"e-gallery-item elementor-gallery-item elementor-animated-content\">\n\t\t\t\t\t<div class=\"e-gallery-image elementor-gallery-item__image\" data-thumbnail=\"https:\/\/isinac.com\/wp-content\/uploads\/2025\/02\/implanta-blanco-adhesivo.jpg\" data-width=\"1600\" data-height=\"900\" aria-label=\"\" role=\"img\" ><\/div>\n\t\t\t\t\t\t\t\t\t\t\t\t\t\t<\/div>\n\t\t\t\t\t\t\t<div class=\"e-gallery-item elementor-gallery-item elementor-animated-content\">\n\t\t\t\t\t<div class=\"e-gallery-image elementor-gallery-item__image\" data-thumbnail=\"https:\/\/isinac.com\/wp-content\/uploads\/2025\/02\/CUSTOM-MADE-TRIANGLES-MOSAIC-CONSTRUCCIA-1-scaled.jpg\" data-width=\"2560\" data-height=\"1920\" aria-label=\"\" role=\"img\" ><\/div>\n\t\t\t\t\t\t\t\t\t\t\t\t\t\t<\/div>\n\t\t\t\t\t\t\t<div class=\"e-gallery-item elementor-gallery-item elementor-animated-content\">\n\t\t\t\t\t<div class=\"e-gallery-image elementor-gallery-item__image\" data-thumbnail=\"https:\/\/isinac.com\/wp-content\/uploads\/2025\/01\/b49e0913-86f6-45b5-aaa7-834a9e82cb4f.jpg\" data-width=\"878\" data-height=\"584\" aria-label=\"Implanta Arquitectura\" role=\"img\" ><\/div>\n\t\t\t\t\t\t\t\t\t\t\t\t\t\t<\/div>\n\t\t\t\t\t\t\t<div class=\"e-gallery-item elementor-gallery-item elementor-animated-content\">\n\t\t\t\t\t<div class=\"e-gallery-image elementor-gallery-item__image\" data-thumbnail=\"https:\/\/isinac.com\/wp-content\/uploads\/2025\/02\/CUSTOM-MADE-TRIANGLES-MOSAIC-CONSTRUCCIA-3-scaled.jpg\" data-width=\"2560\" data-height=\"1920\" aria-label=\"\" role=\"img\" ><\/div>\n\t\t\t\t\t\t\t\t\t\t\t\t\t\t<\/div>\n\t\t\t\t\t<\/div>\n\t\t\t\t\t<\/div>\n\t\t\t\t<\/div>\n\t\t\t\t<\/div>\n\t\t<div class=\"elementor-element elementor-element-545eb0e e-con-full e-flex e-con e-child\" data-id=\"545eb0e\" data-element_type=\"container\" data-e-type=\"container\" data-settings=\"{&quot;jet_parallax_layout_list&quot;:[],&quot;sticky&quot;:&quot;top&quot;,&quot;sticky_on&quot;:[&quot;desktop&quot;],&quot;sticky_parent&quot;:&quot;yes&quot;,&quot;sticky_offset&quot;:0,&quot;sticky_effects_offset&quot;:0,&quot;sticky_anchor_link_offset&quot;:0}\">\n\t\t\t\t<div class=\"elementor-element elementor-element-0fed24d elementor-widget-divider--view-line elementor-widget elementor-widget-divider\" data-id=\"0fed24d\" data-element_type=\"widget\" data-e-type=\"widget\" data-widget_type=\"divider.default\">\n\t\t\t\t<div class=\"elementor-widget-container\">\n\t\t\t\t\t\t\t<div class=\"elementor-divider\">\n\t\t\t<span class=\"elementor-divider-separator\">\n\t\t\t\t\t\t<\/span>\n\t\t<\/div>\n\t\t\t\t\t\t<\/div>\n\t\t\t\t<\/div>\n\t\t\t\t<div class=\"elementor-element elementor-element-3e9b100 elementor-widget elementor-widget-text-editor\" data-id=\"3e9b100\" data-element_type=\"widget\" data-e-type=\"widget\" data-widget_type=\"text-editor.default\">\n\t\t\t\t<div class=\"elementor-widget-container\">\n\t\t\t\t\t\t\t\t\t<p>IMPLANTA ARQUITECTURA es una empresa independiente dedicada a la gesti\u00f3n integral de proyectos de Arquitectura, Ingenier\u00eda y Construcci\u00f3n, tanto en el dise\u00f1o y ejecuci\u00f3n de proyectos como en los servicios de certificaci\u00f3n y la elaboraci\u00f3n de estudios e informes.<\/p><p>Somos especialistas en la implantaci\u00f3n de todo tipo de oficinas, sedes corporativas, espacios comerciales, retail, edificios completos y naves industriales. Igualmente abordamos proyectos de rehabilitaci\u00f3n, reforma e interiorismo en todas sus fases, desde el asesoramiento inicial y la conceptualizaci\u00f3n al desarrollo y la ejecuci\u00f3n definitiva.<\/p><p>La creaci\u00f3n de dise\u00f1os funcionales capaces de optimizar los espacios arquitect\u00f3nicos es el com\u00fan denominador de nuestras intervenciones.<\/p>\t\t\t\t\t\t\t\t<\/div>\n\t\t\t\t<\/div>\n\t\t\t\t<div class=\"elementor-element elementor-element-b86e9b1 elementor-widget elementor-widget-heading\" data-id=\"b86e9b1\" data-element_type=\"widget\" data-e-type=\"widget\" data-widget_type=\"heading.default\">\n\t\t\t\t<div class=\"elementor-widget-container\">\n\t\t\t\t\t<p class=\"elementor-heading-title elementor-size-default\">\u00bfQuieres este dise\u00f1o para tu propuesta?<\/p>\t\t\t\t<\/div>\n\t\t\t\t<\/div>\n\t\t\t\t<div class=\"elementor-element elementor-element-fcc7caf elementor-widget elementor-widget-button\" data-id=\"fcc7caf\" data-element_type=\"widget\" data-e-type=\"widget\" data-widget_type=\"button.default\">\n\t\t\t\t<div class=\"elementor-widget-container\">\n\t\t\t\t\t\t\t\t\t<div class=\"elementor-button-wrapper\">\n\t\t\t\t\t<a class=\"elementor-button elementor-button-link elementor-size-sm\" href=\"#elementor-action%3Aaction%3Dpopup%3Aopen%26settings%3DeyJpZCI6IjE1NiIsInRvZ2dsZSI6ZmFsc2V9\">\n\t\t\t\t\t\t<span class=\"elementor-button-content-wrapper\">\n\t\t\t\t\t\t\t\t\t<span class=\"elementor-button-text\">Empecemos<\/span>\n\t\t\t\t\t<\/span>\n\t\t\t\t\t<\/a>\n\t\t\t\t<\/div>\n\t\t\t\t\t\t\t\t<\/div>\n\t\t\t\t<\/div>\n\t\t\t\t<div class=\"elementor-element elementor-element-6eef893 elementor-widget-divider--view-line elementor-widget elementor-widget-divider\" data-id=\"6eef893\" data-element_type=\"widget\" data-e-type=\"widget\" data-widget_type=\"divider.default\">\n\t\t\t\t<div class=\"elementor-widget-container\">\n\t\t\t\t\t\t\t<div class=\"elementor-divider\">\n\t\t\t<span class=\"elementor-divider-separator\">\n\t\t\t\t\t\t<\/span>\n\t\t<\/div>\n\t\t\t\t\t\t<\/div>\n\t\t\t\t<\/div>\n\t\t\t\t<div class=\"elementor-element elementor-element-4928f16 elementor-widget elementor-widget-image\" data-id=\"4928f16\" data-element_type=\"widget\" data-e-type=\"widget\" data-widget_type=\"image.default\">\n\t\t\t\t<div class=\"elementor-widget-container\">\n\t\t\t\t\t\t\t\t\t\t\t\t\t\t\t<img fetchpriority=\"high\" decoding=\"async\" width=\"300\" height=\"168\" src=\"https:\/\/isinac.com\/wp-content\/uploads\/2025\/02\/Captura-de-pantalla-2025-02-20-a-las-11.42.21-300x168.png\" class=\"attachment-medium size-medium wp-image-1592\" alt=\"\" srcset=\"https:\/\/isinac.com\/wp-content\/uploads\/2025\/02\/Captura-de-pantalla-2025-02-20-a-las-11.42.21-300x168.png 300w, https:\/\/isinac.com\/wp-content\/uploads\/2025\/02\/Captura-de-pantalla-2025-02-20-a-las-11.42.21-768x431.png 768w, https:\/\/isinac.com\/wp-content\/uploads\/2025\/02\/Captura-de-pantalla-2025-02-20-a-las-11.42.21.png 856w\" sizes=\"(max-width: 300px) 100vw, 300px\" \/>\t\t\t\t\t\t\t\t\t\t\t\t\t\t\t<\/div>\n\t\t\t\t<\/div>\n\t\t\t\t<\/div>\n\t\t\t\t\t<\/div>\n\t\t\t\t<\/div>\n\t\t\t\t<\/div>\n\t\t","protected":false},"excerpt":{"rendered":"<p>IMPLANTA ARQUITECTURA es una empresa independiente dedicada a la gesti\u00f3n integral de proyectos de Arquitectura, Ingenier\u00eda y Construcci\u00f3n, tanto en el dise\u00f1o y ejecuci\u00f3n de proyectos como en los servicios de certificaci\u00f3n y la elaboraci\u00f3n de estudios e informes. Somos especialistas en la implantaci\u00f3n de todo tipo de oficinas, sedes corporativas, espacios comerciales, retail, edificios [&hellip;]<\/p>\n","protected":false},"author":3,"featured_media":329,"parent":0,"menu_order":0,"comment_status":"closed","ping_status":"closed","template":"","meta":{"footnotes":""},"class_list":["post-56","page","type-page","status-publish","has-post-thumbnail","hentry"],"yoast_head":"<!-- This site is optimized with the Yoast SEO plugin v27.3 - https:\/\/yoast.com\/product\/yoast-seo-wordpress\/ -->\n<title>Implanta ARQ - ISINAC<\/title>\n<meta name=\"robots\" content=\"index, follow, max-snippet:-1, max-image-preview:large, max-video-preview:-1\" \/>\n<link rel=\"canonical\" href=\"https:\/\/isinac.com\/en\/implements-architecture\/\" \/>\n<meta property=\"og:locale\" content=\"en_GB\" \/>\n<meta property=\"og:type\" content=\"article\" \/>\n<meta property=\"og:title\" content=\"Implanta ARQ - ISINAC\" \/>\n<meta property=\"og:description\" content=\"IMPLANTA ARQUITECTURA es una empresa independiente dedicada a la gesti\u00f3n integral de proyectos de Arquitectura, Ingenier\u00eda y Construcci\u00f3n, tanto en el dise\u00f1o y ejecuci\u00f3n de proyectos como en los servicios de certificaci\u00f3n y la elaboraci\u00f3n de estudios e informes. Somos especialistas en la implantaci\u00f3n de todo tipo de oficinas, sedes corporativas, espacios comerciales, retail, edificios [&hellip;]\" \/>\n<meta property=\"og:url\" content=\"https:\/\/isinac.com\/en\/implements-architecture\/\" \/>\n<meta property=\"og:site_name\" content=\"ISINAC\" \/>\n<meta property=\"article:publisher\" content=\"https:\/\/www.facebook.com\/isinac\" \/>\n<meta property=\"article:modified_time\" content=\"2025-02-20T10:51:31+00:00\" \/>\n<meta property=\"og:image\" content=\"https:\/\/isinac.com\/wp-content\/uploads\/2025\/01\/b49e0913-86f6-45b5-aaa7-834a9e82cb4f.jpg\" \/>\n\t<meta property=\"og:image:width\" content=\"878\" \/>\n\t<meta property=\"og:image:height\" content=\"584\" \/>\n\t<meta property=\"og:image:type\" content=\"image\/jpeg\" \/>\n<meta name=\"twitter:card\" content=\"summary_large_image\" \/>\n<meta name=\"twitter:label1\" content=\"Estimated reading time\" \/>\n\t<meta name=\"twitter:data1\" content=\"2 minutes\" \/>\n<script type=\"application\/ld+json\" class=\"yoast-schema-graph\">{\"@context\":\"https:\\\/\\\/schema.org\",\"@graph\":[{\"@type\":\"WebPage\",\"@id\":\"https:\\\/\\\/isinac.com\\\/implanta-arquitectura\\\/\",\"url\":\"https:\\\/\\\/isinac.com\\\/implanta-arquitectura\\\/\",\"name\":\"Implanta ARQ - ISINAC\",\"isPartOf\":{\"@id\":\"https:\\\/\\\/isinac.com\\\/#website\"},\"primaryImageOfPage\":{\"@id\":\"https:\\\/\\\/isinac.com\\\/implanta-arquitectura\\\/#primaryimage\"},\"image\":{\"@id\":\"https:\\\/\\\/isinac.com\\\/implanta-arquitectura\\\/#primaryimage\"},\"thumbnailUrl\":\"https:\\\/\\\/isinac.com\\\/wp-content\\\/uploads\\\/2025\\\/01\\\/b49e0913-86f6-45b5-aaa7-834a9e82cb4f.jpg\",\"datePublished\":\"2024-12-09T20:41:55+00:00\",\"dateModified\":\"2025-02-20T10:51:31+00:00\",\"breadcrumb\":{\"@id\":\"https:\\\/\\\/isinac.com\\\/implanta-arquitectura\\\/#breadcrumb\"},\"inLanguage\":\"en-GB\",\"potentialAction\":[{\"@type\":\"ReadAction\",\"target\":[\"https:\\\/\\\/isinac.com\\\/implanta-arquitectura\\\/\"]}]},{\"@type\":\"ImageObject\",\"inLanguage\":\"en-GB\",\"@id\":\"https:\\\/\\\/isinac.com\\\/implanta-arquitectura\\\/#primaryimage\",\"url\":\"https:\\\/\\\/isinac.com\\\/wp-content\\\/uploads\\\/2025\\\/01\\\/b49e0913-86f6-45b5-aaa7-834a9e82cb4f.jpg\",\"contentUrl\":\"https:\\\/\\\/isinac.com\\\/wp-content\\\/uploads\\\/2025\\\/01\\\/b49e0913-86f6-45b5-aaa7-834a9e82cb4f.jpg\",\"width\":878,\"height\":584,\"caption\":\"Implanta Arquitectura\"},{\"@type\":\"BreadcrumbList\",\"@id\":\"https:\\\/\\\/isinac.com\\\/implanta-arquitectura\\\/#breadcrumb\",\"itemListElement\":[{\"@type\":\"ListItem\",\"position\":1,\"name\":\"Inicio\",\"item\":\"https:\\\/\\\/isinac.com\\\/\"},{\"@type\":\"ListItem\",\"position\":2,\"name\":\"Implanta ARQ\"}]},{\"@type\":\"WebSite\",\"@id\":\"https:\\\/\\\/isinac.com\\\/#website\",\"url\":\"https:\\\/\\\/isinac.com\\\/\",\"name\":\"ISINAC\",\"description\":\"Somos fabricantes de paneles ac\u00fasticos\",\"publisher\":{\"@id\":\"https:\\\/\\\/isinac.com\\\/#organization\"},\"alternateName\":\"ISINAC\",\"potentialAction\":[{\"@type\":\"SearchAction\",\"target\":{\"@type\":\"EntryPoint\",\"urlTemplate\":\"https:\\\/\\\/isinac.com\\\/?s={search_term_string}\"},\"query-input\":{\"@type\":\"PropertyValueSpecification\",\"valueRequired\":true,\"valueName\":\"search_term_string\"}}],\"inLanguage\":\"en-GB\"},{\"@type\":\"Organization\",\"@id\":\"https:\\\/\\\/isinac.com\\\/#organization\",\"name\":\"ISINAC\",\"alternateName\":\"ISINAC\",\"url\":\"https:\\\/\\\/isinac.com\\\/\",\"logo\":{\"@type\":\"ImageObject\",\"inLanguage\":\"en-GB\",\"@id\":\"https:\\\/\\\/isinac.com\\\/#\\\/schema\\\/logo\\\/image\\\/\",\"url\":\"https:\\\/\\\/isinac.com\\\/wp-content\\\/uploads\\\/2024\\\/11\\\/ISINAC-POPPINS-WEB.png\",\"contentUrl\":\"https:\\\/\\\/isinac.com\\\/wp-content\\\/uploads\\\/2024\\\/11\\\/ISINAC-POPPINS-WEB.png\",\"width\":1200,\"height\":255,\"caption\":\"ISINAC\"},\"image\":{\"@id\":\"https:\\\/\\\/isinac.com\\\/#\\\/schema\\\/logo\\\/image\\\/\"},\"sameAs\":[\"https:\\\/\\\/www.facebook.com\\\/isinac\",\"https:\\\/\\\/www.linkedin.com\\\/company\\\/isinac\",\"https:\\\/\\\/es.pinterest.com\\\/isinac\\\/\",\"https:\\\/\\\/www.instagram.com\\\/i.s.i.n.a.c\\\/\",\"https:\\\/\\\/www.youtube.com\\\/c\\\/Isinacspain\"]}]}<\/script>\n<!-- \/ Yoast SEO plugin. -->","yoast_head_json":{"title":"Implanta ARQ - ISINAC","robots":{"index":"index","follow":"follow","max-snippet":"max-snippet:-1","max-image-preview":"max-image-preview:large","max-video-preview":"max-video-preview:-1"},"canonical":"https:\/\/isinac.com\/en\/implements-architecture\/","og_locale":"en_GB","og_type":"article","og_title":"Implanta ARQ - ISINAC","og_description":"IMPLANTA ARQUITECTURA es una empresa independiente dedicada a la gesti\u00f3n integral de proyectos de Arquitectura, Ingenier\u00eda y Construcci\u00f3n, tanto en el dise\u00f1o y ejecuci\u00f3n de proyectos como en los servicios de certificaci\u00f3n y la elaboraci\u00f3n de estudios e informes. Somos especialistas en la implantaci\u00f3n de todo tipo de oficinas, sedes corporativas, espacios comerciales, retail, edificios [&hellip;]","og_url":"https:\/\/isinac.com\/en\/implements-architecture\/","og_site_name":"ISINAC","article_publisher":"https:\/\/www.facebook.com\/isinac","article_modified_time":"2025-02-20T10:51:31+00:00","og_image":[{"width":878,"height":584,"url":"https:\/\/isinac.com\/wp-content\/uploads\/2025\/01\/b49e0913-86f6-45b5-aaa7-834a9e82cb4f.jpg","type":"image\/jpeg"}],"twitter_card":"summary_large_image","twitter_misc":{"Estimated reading time":"2 minutes"},"schema":{"@context":"https:\/\/schema.org","@graph":[{"@type":"WebPage","@id":"https:\/\/isinac.com\/implanta-arquitectura\/","url":"https:\/\/isinac.com\/implanta-arquitectura\/","name":"Implanta ARQ - ISINAC","isPartOf":{"@id":"https:\/\/isinac.com\/#website"},"primaryImageOfPage":{"@id":"https:\/\/isinac.com\/implanta-arquitectura\/#primaryimage"},"image":{"@id":"https:\/\/isinac.com\/implanta-arquitectura\/#primaryimage"},"thumbnailUrl":"https:\/\/isinac.com\/wp-content\/uploads\/2025\/01\/b49e0913-86f6-45b5-aaa7-834a9e82cb4f.jpg","datePublished":"2024-12-09T20:41:55+00:00","dateModified":"2025-02-20T10:51:31+00:00","breadcrumb":{"@id":"https:\/\/isinac.com\/implanta-arquitectura\/#breadcrumb"},"inLanguage":"en-GB","potentialAction":[{"@type":"ReadAction","target":["https:\/\/isinac.com\/implanta-arquitectura\/"]}]},{"@type":"ImageObject","inLanguage":"en-GB","@id":"https:\/\/isinac.com\/implanta-arquitectura\/#primaryimage","url":"https:\/\/isinac.com\/wp-content\/uploads\/2025\/01\/b49e0913-86f6-45b5-aaa7-834a9e82cb4f.jpg","contentUrl":"https:\/\/isinac.com\/wp-content\/uploads\/2025\/01\/b49e0913-86f6-45b5-aaa7-834a9e82cb4f.jpg","width":878,"height":584,"caption":"Implanta Arquitectura"},{"@type":"BreadcrumbList","@id":"https:\/\/isinac.com\/implanta-arquitectura\/#breadcrumb","itemListElement":[{"@type":"ListItem","position":1,"name":"Inicio","item":"https:\/\/isinac.com\/"},{"@type":"ListItem","position":2,"name":"Implanta ARQ"}]},{"@type":"WebSite","@id":"https:\/\/isinac.com\/#website","url":"https:\/\/isinac.com\/","name":"ISINAC","description":"We are manufacturers of acoustic panels","publisher":{"@id":"https:\/\/isinac.com\/#organization"},"alternateName":"ISINAC","potentialAction":[{"@type":"SearchAction","target":{"@type":"EntryPoint","urlTemplate":"https:\/\/isinac.com\/?s={search_term_string}"},"query-input":{"@type":"PropertyValueSpecification","valueRequired":true,"valueName":"search_term_string"}}],"inLanguage":"en-GB"},{"@type":"Organization","@id":"https:\/\/isinac.com\/#organization","name":"ISINAC","alternateName":"ISINAC","url":"https:\/\/isinac.com\/","logo":{"@type":"ImageObject","inLanguage":"en-GB","@id":"https:\/\/isinac.com\/#\/schema\/logo\/image\/","url":"https:\/\/isinac.com\/wp-content\/uploads\/2024\/11\/ISINAC-POPPINS-WEB.png","contentUrl":"https:\/\/isinac.com\/wp-content\/uploads\/2024\/11\/ISINAC-POPPINS-WEB.png","width":1200,"height":255,"caption":"ISINAC"},"image":{"@id":"https:\/\/isinac.com\/#\/schema\/logo\/image\/"},"sameAs":["https:\/\/www.facebook.com\/isinac","https:\/\/www.linkedin.com\/company\/isinac","https:\/\/es.pinterest.com\/isinac\/","https:\/\/www.instagram.com\/i.s.i.n.a.c\/","https:\/\/www.youtube.com\/c\/Isinacspain"]}]}},"jetpack_shortlink":"https:\/\/wp.me\/PgrG6m-U","_links":{"self":[{"href":"https:\/\/isinac.com\/en\/wp-json\/wp\/v2\/pages\/56","targetHints":{"allow":["GET"]}}],"collection":[{"href":"https:\/\/isinac.com\/en\/wp-json\/wp\/v2\/pages"}],"about":[{"href":"https:\/\/isinac.com\/en\/wp-json\/wp\/v2\/types\/page"}],"author":[{"embeddable":true,"href":"https:\/\/isinac.com\/en\/wp-json\/wp\/v2\/users\/3"}],"replies":[{"embeddable":true,"href":"https:\/\/isinac.com\/en\/wp-json\/wp\/v2\/comments?post=56"}],"version-history":[{"count":17,"href":"https:\/\/isinac.com\/en\/wp-json\/wp\/v2\/pages\/56\/revisions"}],"predecessor-version":[{"id":1595,"href":"https:\/\/isinac.com\/en\/wp-json\/wp\/v2\/pages\/56\/revisions\/1595"}],"wp:featuredmedia":[{"embeddable":true,"href":"https:\/\/isinac.com\/en\/wp-json\/wp\/v2\/media\/329"}],"wp:attachment":[{"href":"https:\/\/isinac.com\/en\/wp-json\/wp\/v2\/media?parent=56"}],"curies":[{"name":"wp","href":"https:\/\/api.w.org\/{rel}","templated":true}]}}